{"id":10418,"date":"2020-02-07T18:18:17","date_gmt":"2020-02-07T18:18:17","guid":{"rendered":"https:\/\/nordestcycles.com\/?post_type=product&#038;p=10418"},"modified":"2020-02-08T16:14:29","modified_gmt":"2020-02-08T16:14:29","slug":"miranda-ti-kit","status":"publish","type":"product","link":"https:\/\/nordestcycles.com\/en\/product\/miranda-ti-kit","title":{"rendered":"MIRANDA TI KIT"},"content":{"rendered":"<ul>\n<li style=\"list-style-type: none;\">\n<ul>\n<li>Frame TITANIUM Ti3Al2.5V double butted tubing<\/li>\n<li>Wheels up to 700x32c<\/li>\n<li>\u00a0Interchangable dropout, include with frame<\/li>\n<li>For 12x142mm thru axle rear hub<\/li>\n<li>Thru axle 12&#215;1.75mminclude with frame<\/li>\n<li>For 27.2mm seatpost<\/li>\n<li>Seatclamp 31.8mm, include with frame<\/li>\n<li>53\/36T in 2x chainrings or 46T max in 1x<\/li>\n<li>TR44 head tube<\/li>\n<li>Weight for\u00a056 cm size: 1.750 g<\/li>\n<li><em><strong>Nordest Miranda\u00a0<\/strong><\/em><em><strong>Carbon<\/strong><\/em>\u00a012x100mm flat mount fork<\/li>\n<li><em><strong>Chris King INSET7\u00a0<\/strong><\/em>headset<\/li>\n<\/ul>\n<\/li>\n<\/ul>\n","protected":false},"excerpt":{"rendered":"<p><span class=\"envio-inc\"><i class=\"fa fa-paper-plane\"><\/i> EU shipping included.<\/span><\/p>\n<h5><strong>MIRANDA TI KIT<\/strong><\/h5>\n<ul>\n<li>Nordest Miranda Ti frame<\/li>\n<li>Chris King INSET7 headset<\/li>\n<li>Nordest Miranda Carbon fork<\/li>\n<\/ul>\n<hr \/>\n<h6><em><strong>FRAME<\/strong><\/em><\/h6>\n<p><em><strong>&#8220;B\u00d3ZIA AT\u00c9 PERDER LAS FUOR\u00c7AS QUE EITERNO YE L SIL\u00c9NCIO*\u201d\u00a0<\/strong>\u00a0Francisco Niebro, a Mirandese Poet<\/em><\/p>\n<p>My <em>Miz\u00e9<\/em> grandfather went his mule every week from Car\u00e7ao to Tierras de Miranda in search of luck. This model is a tribute to his strength and courage. <em>Pedro Jer\u00f3nimo<\/em><\/p>\n<p>We have been inspired by all bicycle travellers to design the <strong>Nordest Miranda Ti<\/strong>, a <strong>adventure road bike<\/strong> designed to go to the end of the world (and come back in one piece). Here the philosophy is to enjoy each pedalada, to discover the landscape and the people that the trip offers us, to contemplate the stars in some remote place, and the following morning to roll the sleeping bag to continue the <strong>adventure<\/strong>.<\/p>\n<p lang=\"zxx\">Our <strong>Nordest Miranda Ti<\/strong> frame is a silent, fun and fast road model. You can build your bike at your convenience, or choose the options we recommend in our kits. The frame is manufactured in <strong>TITANIUM Ti3Al2.5V <\/strong><strong>double butted tubing<\/strong>, with an advanced study of geometry designed by Nordest, has been tested by riders with excellent results in all conditions. The chainstays clearance\u00a0for tires up to 700x32c.<\/p>\n<hr \/>\n<p>&nbsp;<\/p>\n<h6><em><strong>Miranda Carbon Taper fork<\/strong><\/em><\/h6>\n<p lang=\"zxx\"><strong>Nordest Miranda Carbon Taper fork<\/strong>, 100% made in carbon,\u00a0has been designed for our\u00a0<strong>Nordest Miranda Ti<\/strong>\u00a0frame and is compatible with any frame designed for 375mm long forks. For 12\u00d7100 mm thru-axle front hubs, it can accommodate a 700x32c tyre with clearance. The brake support is Flatmount type.<\/p>\n<p>Axle 12\u00d7100 thru-axle\u00a0<em>included with the fork<\/em>.<\/p>\n<p><strong>Delivery Time:<\/strong><em><strong>\u00a010<\/strong><strong>\u00a0weeks after confirm order<\/strong><\/em><\/p>\n<p><em>*YELL UNTIL YOU LOSE YOUR STRENGHT THAT ETERNAL IS THE SILENCE &#8211; Translation from the Mirandese language<\/em><\/p>\n<p><em>Photo may be slightly different from the real product.<\/em><\/p>\n<p>&nbsp;<\/p>\n","protected":false},"featured_media":10406,"comment_status":"closed","ping_status":"closed","template":"","meta":[],"product_brand":[],"product_cat":[64,85],"product_tag":[],"class_list":{"0":"post-10418","1":"product","2":"type-product","3":"status-publish","4":"has-post-thumbnail","6":"product_cat-cycling-en","7":"product_cat-kit-cuadros-en","8":"product_shipping_class-cuadro-y-kit","10":"first","11":"instock","12":"taxable","13":"shipping-taxable","14":"purchasable","15":"product-type-variable"},"_links":{"self":[{"href":"https:\/\/nordestcycles.com\/en\/wp-json\/wp\/v2\/product\/10418","targetHints":{"allow":["GET"]}}],"collection":[{"href":"https:\/\/nordestcycles.com\/en\/wp-json\/wp\/v2\/product"}],"about":[{"href":"https:\/\/nordestcycles.com\/en\/wp-json\/wp\/v2\/types\/product"}],"replies":[{"embeddable":true,"href":"https:\/\/nordestcycles.com\/en\/wp-json\/wp\/v2\/comments?post=10418"}],"wp:featuredmedia":[{"embeddable":true,"href":"https:\/\/nordestcycles.com\/en\/wp-json\/wp\/v2\/media\/10406"}],"wp:attachment":[{"href":"https:\/\/nordestcycles.com\/en\/wp-json\/wp\/v2\/media?parent=10418"}],"wp:term":[{"taxonomy":"product_brand","embeddable":true,"href":"https:\/\/nordestcycles.com\/en\/wp-json\/wp\/v2\/product_brand?post=10418"},{"taxonomy":"product_cat","embeddable":true,"href":"https:\/\/nordestcycles.com\/en\/wp-json\/wp\/v2\/product_cat?post=10418"},{"taxonomy":"product_tag","embeddable":true,"href":"https:\/\/nordestcycles.com\/en\/wp-json\/wp\/v2\/product_tag?post=10418"}],"curies":[{"name":"wp","href":"https:\/\/api.w.org\/{rel}","templated":true}]}}