{"id":10338,"date":"2020-02-06T14:46:42","date_gmt":"2020-02-06T14:46:42","guid":{"rendered":"https:\/\/nordestcycles.com\/producto\/miranda-ti-frame"},"modified":"2020-02-08T16:14:38","modified_gmt":"2020-02-08T16:14:38","slug":"miranda-ti-frame","status":"publish","type":"product","link":"https:\/\/nordestcycles.com\/en\/product\/miranda-ti-frame","title":{"rendered":"MIRANDA TI FRAME"},"content":{"rendered":"<ul>\n<li style=\"list-style-type: none;\">\n<ul>\n<li>Frame TITANIUM Ti3Al2.5V double butted tubing<\/li>\n<li>Wheels up to 700x32c<\/li>\n<li>\u00a0Interchangable dropout, include with frame<\/li>\n<li>For 12x142mm thru axle rear hub<\/li>\n<li>Thru axle 12&#215;1.75mminclude with frame<\/li>\n<li>For 27.2mm seatpost<\/li>\n<li>Seatclamp 31.8mm, include with frame<\/li>\n<li>53\/36T max chainrings in 2x or 46T in 1x<\/li>\n<li>TR44 head tube<\/li>\n<li>Weight for\u00a0M\/L size: 1.750 g<\/li>\n<\/ul>\n<\/li>\n<\/ul>\n","protected":false},"excerpt":{"rendered":"<p><span class=\"envio-inc\"><i class=\"fa fa-paper-plane\"><\/i> EU shipping included.<\/span><\/p>\n<p><em><strong>&#8220;B\u00d3ZIA AT\u00c9 PERDER LAS FUOR\u00c7AS QUE EITERNO YE L SIL\u00c9NCIO*\u201d\u00a0<\/strong>\u00a0Francisco Niebro, a Mirandese Poet<\/em><\/p>\n<p>My <em>Miz\u00e9<\/em> grandfather went his mule every week from Car\u00e7ao to Tierras de Miranda in search of luck. This model is a tribute to his strength and courage. <em>Pedro Jer\u00f3nimo<\/em><\/p>\n<p>We have been inspired by all bicycle travellers to design the <strong>Nordest Miranda Ti<\/strong>, a <strong>adventure road bike<\/strong> designed to go to the end of the world (and come back in one piece). Here the philosophy is to enjoy each pedalada, to discover the landscape and the people that the trip offers us, to contemplate the stars in some remote place, and the following morning to roll the sleeping bag to continue the <strong>adventure<\/strong>.<\/p>\n<p lang=\"zxx\">Our <strong>Nordest Miranda Ti<\/strong> frame is a silent, fun and fast road model. You can build your bike at your convenience, or choose the options we recommend in our kits. The frame is manufactured in <strong>TITANIUM Ti3Al2.5V <\/strong><strong>double butted tubing<\/strong>, with an advanced study of geometry designed by Nordest, has been tested by riders with excellent results in all conditions. The chainstays clearance\u00a0for tires up to 700x32c.<\/p>\n<p><strong>Delivery Time:<\/strong><em><strong>\u00a010<\/strong><strong>\u00a0weeks after confirm order<\/strong><\/em><\/p>\n<p><em>*YELL UNTIL YOU LOSE YOUR STRENGHT THAT ETERNAL IS THE SILENCE &#8211; Translation from the Mirandese language<\/em><\/p>\n<p><em>Photo may be slightly different from the real product<\/em><\/p>\n<p>&nbsp;<\/p>\n","protected":false},"featured_media":10360,"comment_status":"closed","ping_status":"closed","template":"","meta":[],"product_brand":[],"product_cat":[64,83],"product_tag":[],"class_list":{"0":"post-10338","1":"product","2":"type-product","3":"status-publish","4":"has-post-thumbnail","6":"product_cat-cycling-en","7":"product_cat-cuadros-en","8":"product_shipping_class-cuadro-y-kit","10":"first","11":"instock","12":"featured","13":"taxable","14":"shipping-taxable","15":"purchasable","16":"product-type-variable"},"_links":{"self":[{"href":"https:\/\/nordestcycles.com\/en\/wp-json\/wp\/v2\/product\/10338","targetHints":{"allow":["GET"]}}],"collection":[{"href":"https:\/\/nordestcycles.com\/en\/wp-json\/wp\/v2\/product"}],"about":[{"href":"https:\/\/nordestcycles.com\/en\/wp-json\/wp\/v2\/types\/product"}],"replies":[{"embeddable":true,"href":"https:\/\/nordestcycles.com\/en\/wp-json\/wp\/v2\/comments?post=10338"}],"wp:featuredmedia":[{"embeddable":true,"href":"https:\/\/nordestcycles.com\/en\/wp-json\/wp\/v2\/media\/10360"}],"wp:attachment":[{"href":"https:\/\/nordestcycles.com\/en\/wp-json\/wp\/v2\/media?parent=10338"}],"wp:term":[{"taxonomy":"product_brand","embeddable":true,"href":"https:\/\/nordestcycles.com\/en\/wp-json\/wp\/v2\/product_brand?post=10338"},{"taxonomy":"product_cat","embeddable":true,"href":"https:\/\/nordestcycles.com\/en\/wp-json\/wp\/v2\/product_cat?post=10338"},{"taxonomy":"product_tag","embeddable":true,"href":"https:\/\/nordestcycles.com\/en\/wp-json\/wp\/v2\/product_tag?post=10338"}],"curies":[{"name":"wp","href":"https:\/\/api.w.org\/{rel}","templated":true}]}}