{"id":7330,"date":"2019-02-09T10:45:32","date_gmt":"2019-02-09T10:45:32","guid":{"rendered":"https:\/\/nordestcycles.com\/nordest-rental-bike"},"modified":"2019-06-04T10:58:35","modified_gmt":"2019-06-04T10:58:35","slug":"nordest-rental-bike","status":"publish","type":"page","link":"https:\/\/nordestcycles.com\/en\/nordest-rental-bike","title":{"rendered":"NORDEST RENTAL BIKE"},"content":{"rendered":"<div class=\"wpb-content-wrapper\"><section class=\"l-section wpb_row height_medium\"><div class=\"l-section-h i-cf\"><div class=\"g-cols vc_row type_default valign_top\"><div class=\"vc_col-sm-12 wpb_column vc_column_container\"><div class=\"vc_column-inner\"><div class=\"wpb_wrapper\"><div class=\"g-cols wpb_row type_default valign_top vc_inner \"><div class=\"vc_col-sm-12 wpb_column vc_column_container\"><div class=\"vc_column-inner color_custom\" style=\"color:#ffffff;\"><div class=\"wpb_wrapper\">\r\n\t<div class=\"wpb_text_column \">\r\n\t\t<div class=\"wpb_wrapper\">\r\n\t\t\t<h4 style=\"text-align: center;\"><span style=\"color: #ffffff;\">RENTAL BIKE ZONA ZERO A\u00cdNSA<\/span><\/h4>\n\r\n\t\t<\/div>\r\n\t<\/div>\r\n\r\n\t<div class=\"wpb_text_column \">\r\n\t\t<div class=\"wpb_wrapper\">\r\n\t\t\t<h1 style=\"text-align: center;\"><span style=\"color: #ffffff;\"><strong>A BIKE FOR YOU!<\/strong><\/span><\/h1>\n\r\n\t\t<\/div>\r\n\t<\/div>\r\n<div class=\"w-separator size_custom\" style=\"height:3px;\"><\/div><\/div><\/div><\/div><\/div><div class=\"g-cols wpb_row type_default valign_top vc_inner \"><div class=\"vc_col-sm-4 wpb_column vc_column_container\"><div class=\"vc_column-inner\"><div class=\"wpb_wrapper\"><\/div><\/div><\/div><div class=\"vc_col-sm-4 wpb_column vc_column_container\"><div class=\"vc_column-inner\"><div class=\"wpb_wrapper\">\r\n\t<div class=\"wpb_text_column \">\r\n\t\t<div class=\"wpb_wrapper\">\r\n\t\t\t<p style=\"text-align: center;\"><div class=\"booqable-product-list\"       ><\/div>\n\r\n\t\t<\/div>\r\n\t<\/div>\r\n<\/div><\/div><\/div><div class=\"vc_col-sm-4 wpb_column vc_column_container\"><div class=\"vc_column-inner\"><div class=\"wpb_wrapper\"><\/div><\/div><\/div><\/div><\/div><\/div><\/div><div class=\"vc_col-sm-12 wpb_column vc_column_container\"><div class=\"vc_column-inner\"><div class=\"wpb_wrapper\">\r\n\t<div class=\"wpb_text_column \">\r\n\t\t<div class=\"wpb_wrapper\">\r\n\t\t\t<p style=\"text-align: center;\"><strong><span style=\"color: #ffffff;\">Now at your fingertips our bicycles for rent in Zona Zero Pirineo, A\u00ednsa, Pirineo Aragon\u00e9s, Spain.<\/span><\/strong><\/p>\n\r\n\t\t<\/div>\r\n\t<\/div>\r\n<\/div><\/div><\/div><\/div><\/div><\/section><section class=\"l-section wpb_row height_medium color_custom with_overlay\" style=\"background-color: #e6e4e4;\"><div class=\"l-section-overlay\" style=\"background-color: #ffffff\"><\/div><div class=\"l-section-h i-cf\"><div class=\"g-cols vc_row type_default valign_top\"><div class=\"vc_col-sm-8 wpb_column vc_column_container\"><div class=\"vc_column-inner\"><div class=\"wpb_wrapper\">\r\n\t<div class=\"wpb_text_column \">\r\n\t\t<div class=\"wpb_wrapper\">\r\n\t\t\t<h6 style=\"text-align: center;\">Rent a Nordest and get a discount of up to 75,00\u20ac on the purchase of your frame, kit or bicycle of our brand.<\/h6>\n<h6 style=\"text-align: center;\"><strong>Prices subject to error and price changes.<\/strong><\/h6>\n\r\n\t\t<\/div>\r\n\t<\/div>\r\n<\/div><\/div><\/div><div class=\"vc_col-sm-4 wpb_column vc_column_container\"><div class=\"vc_column-inner\"><div class=\"wpb_wrapper\"><div class=\"w-image align_center no_image\"><a class=\"w-image-h\" href=\"https:\/\/www.unbeatenadventures.com\/\" target=\"_blank\"><div class=\"g-placeholder\"><\/div><\/a><\/div><div class=\"w-separator size_custom\" style=\"height:15px;\"><\/div>\r\n\t<div class=\"wpb_text_column \">\r\n\t\t<div class=\"wpb_wrapper\">\r\n\t\t\t<h6 style=\"text-align: center;\"><strong>Mountain bike guiding in Zona Zero<\/strong><\/h6>\n\r\n\t\t<\/div>\r\n\t<\/div>\r\n<\/div><\/div><\/div><\/div><\/div><\/section><section class=\"l-section wpb_row height_auto with_img\"><div class=\"l-section-img\" style=\"background-image: url(https:\/\/nordestcycles.com\/wp-content\/uploads\/2017\/01\/instagram-background-04.png);background-position: top left;background-repeat: no-repeat;background-size: initial;\" data-img-width=\"168\" data-img-height=\"253\"><\/div><div class=\"l-section-h i-cf\"><div class=\"g-cols vc_row type_default valign_top\"><div class=\"vc_col-sm-12 wpb_column vc_column_container\"><div class=\"vc_column-inner\"><div class=\"wpb_wrapper\">\r\n\t<div class=\"wpb_text_column \">\r\n\t\t<div class=\"wpb_wrapper\">\r\n\t\t\t<p>[instagram-feed]<\/p>\n\r\n\t\t<\/div>\r\n\t<\/div>\r\n<\/div><\/div><\/div><\/div><\/div><\/section>\n<\/div>","protected":false},"excerpt":{"rendered":"RENTAL BIKE ZONA ZERO A\u00cdNSA A BIKE FOR YOU! Now at your fingertips our bicycles for rent in Zona Zero Pirineo, A\u00ednsa, Pirineo Aragon\u00e9s, Spain. Rent a Nordest and get a discount of up to 75,00\u20ac on the purchase of your frame, kit or bicycle of our brand. Prices subject to error and price changes....","protected":false},"author":3,"featured_media":0,"parent":0,"menu_order":0,"comment_status":"closed","ping_status":"closed","template":"","meta":{"footnotes":""},"class_list":["post-7330","page","type-page","status-publish","hentry"],"_links":{"self":[{"href":"https:\/\/nordestcycles.com\/en\/wp-json\/wp\/v2\/pages\/7330","targetHints":{"allow":["GET"]}}],"collection":[{"href":"https:\/\/nordestcycles.com\/en\/wp-json\/wp\/v2\/pages"}],"about":[{"href":"https:\/\/nordestcycles.com\/en\/wp-json\/wp\/v2\/types\/page"}],"author":[{"embeddable":true,"href":"https:\/\/nordestcycles.com\/en\/wp-json\/wp\/v2\/users\/3"}],"replies":[{"embeddable":true,"href":"https:\/\/nordestcycles.com\/en\/wp-json\/wp\/v2\/comments?post=7330"}],"version-history":[{"count":5,"href":"https:\/\/nordestcycles.com\/en\/wp-json\/wp\/v2\/pages\/7330\/revisions"}],"predecessor-version":[{"id":7512,"href":"https:\/\/nordestcycles.com\/en\/wp-json\/wp\/v2\/pages\/7330\/revisions\/7512"}],"wp:attachment":[{"href":"https:\/\/nordestcycles.com\/en\/wp-json\/wp\/v2\/media?parent=7330"}],"curies":[{"name":"wp","href":"https:\/\/api.w.org\/{rel}","templated":true}]}}