{"id":2061,"date":"2017-07-27T09:16:32","date_gmt":"2017-07-27T09:16:32","guid":{"rendered":"https:\/\/nordestcycles.com\/politica-de-privacidad-y-de-cookies"},"modified":"2021-09-30T15:22:15","modified_gmt":"2021-09-30T15:22:15","slug":"politica-de-privacidad-y-de-cookies","status":"publish","type":"page","link":"https:\/\/nordestcycles.com\/en\/politica-de-privacidad-y-de-cookies","title":{"rendered":"POL\u00cdTICA DE PRIVACIDAD Y DE COOKIES"},"content":{"rendered":"<p>A trav\u00e9s del presente documento (en lo que sigue \u00abPol\u00edtica de Privacidad y de Cookies\u00bb), se regula la pol\u00edtica de privacidad y de cookies del Portal de Internet https:\/\/nordestcycles.com\/ (en adelante, el Portal), que est\u00e1 bajo la titularidad de Jer\u00f3nimo Cycles S.L. en lo que sigue, \u00abel Promotor\u00bb), con Documento de Identificaci\u00f3n B76540327, y con domicilio a los efectos de la presente en C\/ Hermosilla 48 1\u00ba Dcha, 28001 Madrid, Espa\u00f1a y que pone a disposici\u00f3n de los\/las usuarios\/as de Portal (en lo que sigue, \u00abel usuario\u00bb, \u00ablos usuarios\u00bb) siendo la direcci\u00f3n electr\u00f3nica info@nordestcycles.com<\/p>\n<p>&nbsp;<\/p>\n<p>Esta Pol\u00edtica de Privacidad y de Cookies ser\u00e1 traducida a diversos idiomas en desarrollo de la actividad del Promotor y a su pol\u00edtica corporativa de calidad, servicios y de atenci\u00f3n al cliente. En caso de cualquier conflicto relativo a la interpretaci\u00f3n u aplicaci\u00f3n de las condiciones que integran la presente pol\u00edtica, las partes convienen que primar\u00e1 la versi\u00f3n de la Pol\u00edtica de Privacidad y de Cookies en idioma espa\u00f1ol frente a cualquier otra versi\u00f3n idiom\u00e1tica a todos los efectos legales.<\/p>\n<ol>\n<li><strong><u> DEBER DE INFORMACI\u00d3N.<\/u><\/strong><\/li>\n<\/ol>\n<p>El Promotor informa a los usuarios del Portal que los datos personales se incluir\u00e1n en ficheros, adecuadamente notificados y\/o registrados ante la Agencia Espa\u00f1ola de Protecci\u00f3n de datos (AEPD) www.agpd.es, correspondientes a los usuarios que, libre y voluntariamente, deseen aportarlos y cuya finalidad de tratamiento se refiere al efectivo acceso a los contenidos del Portal o para la contrataci\u00f3n por aqu\u00e9llos de los productos o servicios dispuestos a trav\u00e9s del mismos o para el desarrollo, con car\u00e1cter general, de las actuaciones que \u00e9stos requieran en el marco del Portal.<\/p>\n<p>Si es usted un menor de edad, requiere el consentimiento previo de sus representantes legales, ya se trate de sus progenitores o tutores, antes de proceder a la inclusi\u00f3n de sus datos personales en los formularios de datos del Portal, y por ende, acceder de forma leg\u00edtima a los servicios, productos y contenidos dispuestos a trav\u00e9s de este Portal.<\/p>\n<p>Por \u00faltimo, el\/la usuario\/a, o persona u entidad que legalmente le represente, podr\u00e1 ejercitar, en cualquier momento, el derecho de acceso, rectificaci\u00f3n, cancelaci\u00f3n y, en su caso, de oposici\u00f3n, de acuerdo con lo establecido en la Ley Org\u00e1nica 15\/1999, de 13 de diciembre, de protecci\u00f3n de datos de car\u00e1cter personal (en adelante, LOPD) y el Real Decreto 1720\/2007, de 21 de diciembre, por el que se aprueba el Reglamento de desarrollo de la Ley Org\u00e1nica 15\/1999, de 13 de diciembre, de protecci\u00f3n de datos de car\u00e1cter personal (en adelante, RLOPD)<\/p>\n<ol start=\"2\">\n<li><strong><u> CONSENTIMIENTO DEL\/LA INTERESADO\/A.<\/u><\/strong><\/li>\n<\/ol>\n<p>Cuando el\/la interesado\/a se registra en el Portal y remite de forma consentida, libre, inequ\u00edvoca, espec\u00edfica e informada sus datos personales a trav\u00e9s del Portal, con aceptaci\u00f3n previa de la presente pol\u00edtica de privacidad y de cookies, mediante los formularios electr\u00f3nicos dispuestos a trav\u00e9s de aqu\u00e9l o, en su caso, mediante la remisi\u00f3n de mensajes de correo electr\u00f3nico, o cualquier otra comunicaci\u00f3n electr\u00f3nica remitida al Promotor, ello implica, salvo que se indique expresamente lo contrario, el consentimiento expreso del remitente (o de su representante legal) al tratamiento o manejo de los datos incluidos en los medios o formularios de comunicaci\u00f3n indicados, conforme las finalidades de tratamiento indicadas a trav\u00e9s del Portal.<\/p>\n<p>Respecto al consentimiento para el tratamiento de datos de menores de edad se respetar\u00e1 lo dispuesto en la LOPD y en el art.13 del RLOPD y, en lo relativo al consentimiento para servir cookies, a lo previsto en el apartado 5 de la presente Pol\u00edtica de Privacidad y de Cookies.<\/p>\n<p>El Promotor podr\u00e1 impedir la introducci\u00f3n y\/o remisi\u00f3n de los datos personales del\/la interesado\/a cuando \u00e9ste no haya aceptado, o no lo haya hecho de forma leg\u00edtima, con car\u00e1cter previo las condiciones espec\u00edficas de tratamiento de datos personales dispuestas e informadas en las condiciones y avisos legales a los que se sujeta el Portal.<\/p>\n<ol start=\"3\">\n<li><strong><u> SEGURIDAD.<\/u><\/strong><\/li>\n<\/ol>\n<p>El Promotor ha adoptado y aplica los niveles de seguridad legalmente requeridos por la legislaci\u00f3n espa\u00f1ola respecto a los datos personales bajo su responsabilidad, en funci\u00f3n de los correspondientes niveles de seguridad detectados, y procura instalar y\/o aplicar medios y medidas t\u00e9cnicas u organizativas de protecci\u00f3n adicionales de cara a reforzar la seguridad general de los ficheros con datos personales, sistemas, entorno de comunicaciones y organizaci\u00f3n corporativa. No obstante, el\/la usuario\/a debe ser consciente de que las medidas de seguridad en Internet no son, en modo alguno, inexpugnables. A estos efectos considerar\u00e1 de forma especial las medidas de seguridad y dem\u00e1s obligaciones asociadas al <a href=\"http:\/\/eur-lex.europa.eu\/legal-content\/ES\/TXT\/?uri=uriserv:OJ.L_.2016.119.01.0001.01.SPA&amp;amp;toc=OJ:L:2016:119:TOC\">ReglamentoGeneral europeo de Protecci\u00f3n de Datos<\/a> (en adelante, RGPD)<\/p>\n<ol start=\"4\">\n<li><strong><u> DEBER DE SECRETO Y CONFIDENCIALIDAD.<\/u><\/strong><\/li>\n<\/ol>\n<p>El Promotor se compromete a cumplir con el deber de secreto y de confidencialidad respecto a los datos personales contenidos en los ficheros con datos personales bajo la responsabilidad de aquel, de acuerdo con la legislaci\u00f3n que, en cada momento, resulte aplicable en Espa\u00f1a.<\/p>\n<ol start=\"5\">\n<li><strong><u> POL\u00cdTICA DE COOKIES. <\/u><\/strong><\/li>\n<\/ol>\n<p><strong><u>5.1. Normativa aplicable:<\/u><\/strong><\/p>\n<p>El art\u00edculo 22 de la Ley 34\/2002, de 11 de julio, de servicios de la sociedad de la informaci\u00f3n y de comercio electr\u00f3nico (en adelante, LSSICE), relativo a los derechos de los destinatarios en las comunicaciones comerciales por v\u00eda electr\u00f3nica, se\u00f1ala que <u>los prestadores de servicios s\u00f3lo podr\u00e1n utilizar dispositivos de almacenamiento y recuperaci\u00f3n de datos en equipos terminales de los destinatarios, cuando \u00e9stos hayan dado su consentimiento previo informado. <\/u><\/p>\n<p>Al efecto, se les deber\u00e1 brindar a estos destinatarios y usuarios finales una <u>informaci\u00f3n clara y completa sobre su utilizaci\u00f3n,<\/u> en particular, sobre los fines del tratamiento de los datos, con arreglo a lo dispuesto en la LOPD. Cuando sea t\u00e9cnicamente posible y eficaz, el consentimiento del destinatario para aceptar el tratamiento de los datos podr\u00e1 facilitarse mediante el uso de los par\u00e1metros adecuados del navegador o de otras aplicaciones.<\/p>\n<p>Lo anterior no impedir\u00e1 el posible almacenamiento o acceso de \u00edndole t\u00e9cnica al solo fin de efectuar la transmisi\u00f3n de una comunicaci\u00f3n por una red de comunicaciones electr\u00f3nicas o, en la medida que resulte estrictamente necesario, para la prestaci\u00f3n de un servicio de la sociedad de la informaci\u00f3n expresamente solicitado por el destinatario.<\/p>\n<p>En todo caso, el r\u00e9gimen jur\u00eddico aplicable en Espa\u00f1a configura un <u>sistema de opt-in<\/u> y <u>no opt-out<\/u>. As\u00ed se establece igualmente en el <a href=\"http:\/\/www.agpd.es\/portalwebAGPD\/canaldocumentacion\/informes_juridicos\/common\/pdf_destacados\/2014-0011_El-consentimiento-para-el-uso-de-cookies.-No-cabe-un-sistema-de-opt-out..pdf\">Informe Jur\u00eddico de la AEPD n\u00ba 11\/2014<\/a> al decir: <em>\u201c(\u2026) As\u00ed, la respuesta debe ser claramente negativa para el (\u2026) sistema, denominado de opt out, y positiva para el (\u2026) sistema de opt in. Tras la Directiva 2009\/136\/CE y el Real Decreto Ley 13\/2012 no puede interpretarse que sea dable un sistema de opt-out. Por ello, no cabe entender prestado el consentimiento por el ejercicio del derecho de exclusi\u00f3n, esto es, mediante los sistemas en los que el usuario debe entrar en una p\u00e1gina web e indicar que rechaza la posibilidad de rastreo por parte del proveedor (\u2026)\u201d.<br \/>\n<\/em><\/p>\n<p><strong><u>5.2. Consentimiento del usuario y cookies: regla general y excepci\u00f3n.<\/u><\/strong><\/p>\n<p>Con car\u00e1cter general, cuando la instalaci\u00f3n y\/o utilizaci\u00f3n de cookies conlleve el tratamiento de datos personales, ya se trate de cookies propias o de terceros, de sesi\u00f3n o persistentes, se deber\u00e1 pedir por los respectivos responsables el previo consentimiento informado del usuario para instalar y\/o utilizar aqu\u00e9llas. Deben cumplimentarse, por consiguiente, ambas obligaciones: el deber de informaci\u00f3n; y la obtenci\u00f3n del consentimiento del usuario.<\/p>\n<p>Se except\u00faan \u00fanicamente de tal consentimiento aqu\u00e9llas que permitan, de forma exclusiva, la comunicaci\u00f3n entre el equipo del usuario y la red y, estrictamente, aqu\u00e9llas utilizadas para prestar un servicio solicitado por el usuario. Por ejemplo, quedar\u00edan exceptuadas las denominadas \u201ccookies t\u00e9cnicas\u201d (p.ej., las necesarias para la misma navegaci\u00f3n por la plataforma u aplicaci\u00f3n); \u201clas de personalizaci\u00f3n o configuraci\u00f3n\u201d (p.ej., que permiten que la p\u00e1gina reconozca el idioma del usuario, etc.); y \u201clas de seguridad\u201d (p.ej., detectar intentos err\u00f3neos y reiterados de conexi\u00f3n a un sitio).<\/p>\n<p><strong><u>5.3. Pol\u00edticas legales integradas.<\/u><\/strong><\/p>\n<p>A tenor de lo anterior, la pol\u00edtica de cookies se complementa e integra con los actuales t\u00e9rminos, avisos y condiciones legales y de privacidad del Portal accesibles desde esta misma direcci\u00f3n web.<\/p>\n<p><strong><u>5.4. \u00bfSe sirven cookies en este Portal?, \u00bfQu\u00e9 son?.<\/u><\/strong><\/p>\n<p>En el Portal se utilizan cookies, es decir, archivos o dispositivos que se descargan en el equipo terminal del usuario (ordenador personal, un smartphone, una tablet, etc.), con independencia de su car\u00e1cter, y con la finalidad de almacenar datos que podr\u00e1n ser actualizados y recuperados por la entidad responsable de su instalaci\u00f3n.<\/p>\n<p>Las cookies permiten la navegaci\u00f3n por el Portal, as\u00ed como ciertas utilidades y servicios del mismo, por lo que le advertimos que su inhabilitaci\u00f3n o bloqueo puede afectar al uso del mismo, as\u00ed como de las citadas utilidades y servicios dispuestos a trav\u00e9s de aqu\u00e9l.<\/p>\n<p><strong><u>5.5. \u00bfQu\u00e9 cookies utilizamos en <\/u><\/strong><strong><u>https:\/\/nordestcycles.com\/?<\/u><\/strong><\/p>\n<p>Las cookies podr\u00e1n ser propias y de terceros. Las cookies propias son las que se env\u00edan o sirven al equipo terminal del usuario desde https:\/\/nordestcycles.com\/ (editor) siendo gestionadas por \u00e9ste, mientras que las cookies de terceros son las que se env\u00edan o sirven al equipo terminal del usuario desde otros dominios o equipos no gestionados por https:\/\/nordestcycles.com\/ (editor), sino por otra entidad que trata los datos obtenidos trav\u00e9s de las cookies.<\/p>\n<p>Asimismo, las anteriores cookies pueden ser de sesi\u00f3n o persistentes. Las primeras son un tipo de cookies dise\u00f1adas para recabar y almacenar datos mientras el usuario accede al Portal con la finalidad principal de almacenar informaci\u00f3n que solo interesa conservar para la prestaci\u00f3n del servicio solicitado por el usuario en una sola ocasi\u00f3n. Sin embargo, con las segundas los datos siguen almacenados en el terminal del usuario y pueden ser accedidos y tratados durante un per\u00edodo definido por el responsable de la cookie.<\/p>\n<p>Las cookies tambi\u00e9n pueden ser t\u00e9cnicas al permitir al usuario la navegaci\u00f3n a trav\u00e9s del Portal y la utilizaci\u00f3n de las diferentes opciones o servicios dispuestos a trav\u00e9s del mismo por ejemplo, controlar el tr\u00e1fico y la comunicaci\u00f3n de datos, identificar la sesi\u00f3n, acceder a partes de acceso restringido, recordar los elementos que integran una petici\u00f3n contractual, utilizar elementos de seguridad durante la navegaci\u00f3n, almacenar contenidos para la difusi\u00f3n de videos o sonido o compartir contenidos a trav\u00e9s de redes sociales.<\/p>\n<p>Tambi\u00e9n pueden ser de personalizaci\u00f3n, refiri\u00e9ndose a aqu\u00e9llas que permiten al usuario acceder al servicio con algunas caracter\u00edsticas predefinidas en funci\u00f3n de ciertos criterios asociados a su propio terminal, por ejemplo, el tipo de navegador a trav\u00e9s del cual accede al servicio, la configuraci\u00f3n regional desde donde accede al servicio, etc.<\/p>\n<p>Nuestras cookies pueden ser anal\u00edticas, que son aqu\u00e9llas que permiten al responsable de las mismas, el seguimiento y an\u00e1lisis del comportamiento de los usuarios de los sitios web a los que est\u00e1n vinculadas. La informaci\u00f3n recogida mediante este tipo de cookies se utiliza en la medici\u00f3n de la actividad del Portal y para la elaboraci\u00f3n de perfiles de navegaci\u00f3n de los usuarios en aqu\u00e9l, con el fin de introducir mejoras en funci\u00f3n del an\u00e1lisis de los datos de uso que hacen los usuarios del servicio.<\/p>\n<p>A continuaci\u00f3n, le mostramos un <strong><u>CUADRO RESUMEN INFORMATIVO<\/u><\/strong> de las concretas cookies que utilizamos en https:\/\/nordestcycles.com\/:<\/p>\n<table width=\"437\">\n<tbody>\n<tr>\n<td width=\"111\"><strong>Cookie<\/strong><\/td>\n<td width=\"82\"><strong>Titularidad<\/strong><\/td>\n<td width=\"76\"><strong>Duraci\u00f3n<\/strong><\/td>\n<td width=\"169\"><strong>Descripci\u00f3n<\/strong><\/td>\n<\/tr>\n<tr>\n<td width=\"111\">\n<table width=\"101\">\n<tbody>\n<tr>\n<td width=\"99\">PHPSESSID<\/p>\n<p>&nbsp;<\/td>\n<td width=\"1\"><\/td>\n<td width=\"0\"><\/td>\n<\/tr>\n<\/tbody>\n<\/table>\n<\/td>\n<td width=\"82\">Tercero<\/td>\n<td width=\"76\">Sesi\u00f3n<\/td>\n<td width=\"169\">Esta cookie es usado por el lenguaje de encriptado PHP para permitir que las variables de SESI\u00d3N sean guardadas en el servidor web.<\/td>\n<\/tr>\n<tr>\n<td width=\"111\">_gid<\/td>\n<td width=\"82\">Tercero<\/td>\n<td width=\"76\">Sesi\u00f3n<\/td>\n<td width=\"169\">Registra una identificaci\u00f3n \u00fanica que se utiliza para generar datos estad\u00edsticos acerca de c\u00f3mo utiliza el visitante el sitio web.<\/td>\n<\/tr>\n<tr>\n<td width=\"111\">_gat<\/td>\n<td width=\"82\">Tercero<\/td>\n<td width=\"76\">2 a\u00f1os<\/td>\n<td width=\"169\">\u00a0Utilizado por Google Analytics para controlar la tasa de peticiones.<\/td>\n<\/tr>\n<tr>\n<td width=\"111\">_ga<\/td>\n<td width=\"82\">Tercero<\/td>\n<td width=\"76\">2 a\u00f1os<\/td>\n<td width=\"169\">Usada por Google para distinguir entre usuarios \u00fanicos<\/td>\n<\/tr>\n<tr>\n<td width=\"111\">wp-settings-{time}-[UID]<\/td>\n<td width=\"82\">Tercero<\/td>\n<td width=\"76\">1 a\u00f1o<\/td>\n<td width=\"169\">Usada para adaptar la vista del interfaz de administrador y posiblemente tambi\u00e9n el interfaz principal del sitio (p\u00e1gina principal de la web).<\/td>\n<\/tr>\n<tr>\n<td width=\"111\">wpml_referer_url<\/td>\n<td width=\"82\">Tercero<\/td>\n<td width=\"76\">24 horas<\/td>\n<td width=\"169\">Estas cookies se establecen para permitir el soporte multiling\u00fce en la web, y permiten saber el idioma con el que se est\u00e1 consultando la misma.<\/td>\n<\/tr>\n<\/tbody>\n<\/table>\n<p>&nbsp;<\/p>\n<p><strong><u>5.6. \u00bfQui\u00e9n utiliza las cookies?.<\/u><\/strong><\/p>\n<p>La informaci\u00f3n que se recaba a trav\u00e9s de las cookies que se sirven a trav\u00e9s del Portal puede ser utilizada tanto por el titular del mismo, cuanto por un tercero que preste un servicio al citado titular.<\/p>\n<p><strong><u>5.7. Gesti\u00f3n y configuraci\u00f3n de las cookies.<\/u><\/strong><\/p>\n<p>A partir de la informaci\u00f3n ofrecida en esta pol\u00edtica, le ofrecemos informaci\u00f3n sobre c\u00f3mo puede llevar a cabo la gesti\u00f3n de las cookies utilizadas en el Portal a trav\u00e9s de las diferentes opciones que ofrecen los navegadores m\u00e1s comunes.<\/p>\n<p>Puedes gestionar el uso de cookies haciendo clic seg\u00fan cual sea el navegador instalado en tu ordenador:<\/p>\n<ul>\n<li><a href=\"http:\/\/support.google.com\/chrome\/bin\/answer.py?hl=es&amp;answer=95647\"><strong>Google Chrome<\/strong><\/a><\/li>\n<li><a href=\"https:\/\/support.mozilla.org\/t5\/Cookies-y-cach%8E\/Habilitar-y-deshabilitar-cookies-que-los-sitios-web-utilizan\/ta-p\/13811\"><strong>Mozilla Firefox<\/strong><\/a><\/li>\n<li><a href=\"http:\/\/windows.microsoft.com\/es-es\/internet-explorer\/delete-manage-cookies#ie=ie-11\"><strong>Microsoft Internet Explorer<\/strong><\/a><\/li>\n<li><a href=\"http:\/\/www.apple.com\/legal\/privacy\/es\/cookies\/\"><strong>Safari<\/strong><\/a><\/li>\n<\/ul>\n<p><strong><u>5.7.1. Visualizaci\u00f3n y gesti\u00f3n de las cookies:<\/u><\/strong><\/p>\n<p>Todos los navegadores ofrecen al usuario la posibilidad de buscar, visualizar y gestionar las cookies que instala un determinado sitio web, como este Portal, as\u00ed como obtener informaci\u00f3n relativa a la duraci\u00f3n de las mismas y la posibilidad de eliminarlas\/bloquearlas. A continuaci\u00f3n, se muestran una serie de enlaces informativos en relaci\u00f3n a los navegadores m\u00e1s utilizados:<\/p>\n<ul>\n<li><a href=\"https:\/\/support.google.com\/chrome\/answer\/95647?hl=es\"><strong>Google Chrome<\/strong><\/a><\/li>\n<li><a href=\"https:\/\/support.mozilla.org\/es\/kb\/cookies-informacion-que-los-sitios-web-guardan-en-\"><strong>Mozilla Firefox<\/strong><\/a><\/li>\n<li><a href=\"https:\/\/support.microsoft.com\/es-es\/help\/17442\/windows-internet-explorer-delete-manage-cookies\"><strong>Microsoft Internet Explorer<\/strong><\/a><\/li>\n<li><a href=\"http:\/\/support.apple.com\/es-es\/HT1677\"><strong>Safari<\/strong><\/a><\/li>\n<\/ul>\n<p><strong><u>5.7.2. Bloqueo y eliminaci\u00f3n de las cookies:<\/u><\/strong><\/p>\n<p>Para desactivar, restringir, bloquear o eliminar las cookies, el usuario deber\u00e1 modificar la configuraci\u00f3n del navegador que utilice en su respectivo terminal. Los distintos navegadores ofrecen diversas opciones de configuraci\u00f3n en relaci\u00f3n a la instalaci\u00f3n de cookies, por ejemplo:<\/p>\n<ul>\n<li>Que el navegador rechace todas las cookies y por lo tanto, que no se instale ninguna cookie de ninguna p\u00e1gina web en su terminal.<\/li>\n<li>Que el navegador le avise antes de que se produzca la instalaci\u00f3n de la cookie para que usted decida si acepta o no la instalaci\u00f3n de la misma.<\/li>\n<li>Que el navegador \u00fanicamente rechace las cookies de terceros de los sitios web que visita pero no las utilizadas por el sitio web por el que usted navega.<\/li>\n<\/ul>\n<p>A los efectos indicados, puede visitar los siguientes enlaces informativos en relaci\u00f3n a los principales navegadores:<\/p>\n<ul>\n<li><a href=\"https:\/\/support.google.com\/chrome\/answer\/95464?hl=es\"><strong>Google Chrome<\/strong><\/a><strong><strong> (Men\u00fa de Herramientas).<\/strong><\/strong>Configuraci\u00f3n &gt; Mostrar opciones avanzadas &gt; Privacidad y seguridad (Configuraci\u00f3n de Contenido) &gt; Cookies<\/li>\n<li><a href=\"https:\/\/support.mozilla.org\/t5\/How-To\/Habilitar-y-deshabilitar-cookies-que-los-sitios-web-utilizan\/ta-p\/34665\"><strong>Mozilla Firefox<\/strong><\/a><strong> (Men\u00fa de Herramientas): Firefox <\/strong><strong>: <\/strong>Opciones &gt; Privacidad &gt; Cookies<\/li>\n<li><a href=\"https:\/\/support.microsoft.com\/es-es\/help\/17442\/windows-internet-explorer-delete-manage-cookies\"><strong>Microsoft Internet Explorer<\/strong><\/a><strong> (Men\u00fa de Herramientas):<\/strong> Opciones de Internet &gt; Seguridad &gt; Eliminar el historial de exploraci\u00f3n &gt; Cookies &gt; Eliminar<\/li>\n<li><a href=\"https:\/\/support.apple.com\/es-es\/HT201265\"><strong>Safari: <\/strong><\/a>Preferencias &gt; Privacidad<\/li>\n<li style=\"list-style-type: none;\"><\/li>\n<\/ul>\n<p><strong><u>5.8. Actualizaci\u00f3n de nuestra Pol\u00edtica de Cookies.<\/u><\/strong><\/p>\n<p>El Promotor se reserva el derecho de modificar esta Pol\u00edtica de Cookies, para adaptarla a futuras novedades legislativas, doctrinales o jurisprudenciales que resulten aplicables o recomendables, informando previa y razonablemente a los usuarios cuando ello fuera posible. En todo caso, le recomendamos que cada vez que acceda al Portal, lea con detenimiento la presente pol\u00edtica de privacidad y de cookies. En caso de duda o controversia relativas a nuestra pol\u00edtica de privacidad y de cookies, el\/la usuario\/a puede ponerse en contacto con nosotros a trav\u00e9s de la direcci\u00f3n de correo electr\u00f3nico: info@nordestcycles.com<\/p>\n<p><strong><u>5.9. M\u00e1s informaci\u00f3n de inter\u00e9s:<\/u><\/strong><\/p>\n<p>Para mayor informaci\u00f3n al respecto, le recomendamos la lectura de la siguiente documentaci\u00f3n adicional:<\/p>\n<ul>\n<li><a href=\"http:\/\/www.agpd.es\/portalwebAGPD\/canaldocumentacion\/publicaciones\/common\/Guias\/Guia_Cookies.pdf\">Gu\u00eda de la Agencia Espa\u00f1ola de Protecci\u00f3n de Datos (AEPD) relativa al uso de las Cookies.<\/a><\/li>\n<li><a href=\"http:\/\/ec.europa.eu\/justice\/data-protection\/article-29\/documentation\/opinion-recommendation\/files\/2012\/wp194_es.pdf\">Dictamen 4\/2012 del Grupo de Protecci\u00f3n de Datos del Art\u00edculo 29 sobre la exenci\u00f3n<\/a><\/li>\n<li><a href=\"http:\/\/iabspain.es\/wp-content\/uploads\/INFOGRAFIA_COOKIES_IABLegal-1.pdf\">Infograf\u00eda IAB Spain sobre c\u00f3mo cumplir la normativa de cookies en Espa\u00f1a<\/a>.<\/li>\n<\/ul>\n<ol start=\"6\">\n<li><strong><u> T\u00c9CNICAS \u201cSPAMMING\u201d.<\/u><\/strong><\/li>\n<\/ol>\n<p>Por \u00faltimo, el Promotor no utiliza t\u00e9cnicas de \u201cspamming\u201d y, \u00fanicamente, tratar\u00e1n los datos que el\/la usuario\/a transmita, en los t\u00e9rminos y condiciones consentidas por los propios usuarios, a trav\u00e9s de los formularios o mecanismos electr\u00f3nicos habilitados en el Portal, en mensajes de correo electr\u00f3nico, o en cualesquiera otras comunicaciones de tipo electr\u00f3nica y\/o telem\u00e1tica.<\/p>\n<ol start=\"7\">\n<li><strong><u> MODIFICACI\u00d3N POL\u00cdTICA DE PRIVACIDAD.<\/u><\/strong><\/li>\n<\/ol>\n<p>El Promotor se reserva el derecho de modificar la Pol\u00edtica de Privacidad, para adaptarla a futuras novedades legislativas, doctrinales o jurisprudenciales que resulten de aplicaci\u00f3n, informando previa y razonablemente a los usuarios de los cambios que en ella se produzcan cuando ello sea posible. En todo caso, les recomendamos que cada vez que accedan al Portal, lean con detalle la presente pol\u00edtica de privacidad y de cookies. En caso de duda o controversia relativas a nuestra pol\u00edtica de privacidad, de cookies y de protecci\u00f3n de datos personales el\/la usuario\/a puede ponerse en contacto con nosotros a trav\u00e9s de la direcci\u00f3n de correo electr\u00f3nico: info@nordestcycles.com<\/p>\n","protected":false},"excerpt":{"rendered":"<p>A trav\u00e9s del presente documento (en lo que sigue \u00abPol\u00edtica de Privacidad y de Cookies\u00bb), se regula la pol\u00edtica de privacidad y de cookies del Portal de Internet https:\/\/nordestcycles.com\/ (en adelante, el Portal), que est\u00e1 bajo la titularidad de Jer\u00f3nimo Cycles S.L. en lo que sigue, \u00abel Promotor\u00bb), con Documento de Identificaci\u00f3n B76540327, y con&#8230;<\/p>\n","protected":false},"author":1,"featured_media":0,"parent":0,"menu_order":0,"comment_status":"closed","ping_status":"closed","template":"","meta":{"footnotes":""},"class_list":["post-2061","page","type-page","status-publish","hentry"],"_links":{"self":[{"href":"https:\/\/nordestcycles.com\/en\/wp-json\/wp\/v2\/pages\/2061","targetHints":{"allow":["GET"]}}],"collection":[{"href":"https:\/\/nordestcycles.com\/en\/wp-json\/wp\/v2\/pages"}],"about":[{"href":"https:\/\/nordestcycles.com\/en\/wp-json\/wp\/v2\/types\/page"}],"author":[{"embeddable":true,"href":"https:\/\/nordestcycles.com\/en\/wp-json\/wp\/v2\/users\/1"}],"replies":[{"embeddable":true,"href":"https:\/\/nordestcycles.com\/en\/wp-json\/wp\/v2\/comments?post=2061"}],"version-history":[{"count":1,"href":"https:\/\/nordestcycles.com\/en\/wp-json\/wp\/v2\/pages\/2061\/revisions"}],"predecessor-version":[{"id":15321,"href":"https:\/\/nordestcycles.com\/en\/wp-json\/wp\/v2\/pages\/2061\/revisions\/15321"}],"wp:attachment":[{"href":"https:\/\/nordestcycles.com\/en\/wp-json\/wp\/v2\/media?parent=2061"}],"curies":[{"name":"wp","href":"https:\/\/api.w.org\/{rel}","templated":true}]}}